{"id":2037,"date":"2014-05-02T17:03:38","date_gmt":"2014-05-02T15:03:38","guid":{"rendered":"https:\/\/www.enz-bern.ch\/murs-et-escaliers\/treppen\/naturstein\/"},"modified":"2018-06-14T16:36:02","modified_gmt":"2018-06-14T14:36:02","slug":"murs-en-pierre-naturelle","status":"publish","type":"page","link":"https:\/\/www.enz-bern.ch\/fr\/murs-et-escaliers\/escaliers\/murs-en-pierre-naturelle\/","title":{"rendered":"Murs en pierre naturelle"},"content":{"rendered":"<p><a href=\"https:\/\/www.enz-bern.ch\/wp-content\/uploads\/2014\/10\/Bild-677.jpg\"><img loading=\"lazy\" class=\"size-thumbnail wp-image-469\" src=\"https:\/\/www.enz-bern.ch\/wp-content\/uploads\/2014\/10\/Bild-677-150x150.jpg\" alt=\"Natursteintreppe 2\" width=\"150\" height=\"150\" srcset=\"https:\/\/www.enz-bern.ch\/wp-content\/uploads\/sites\/13\/2014\/10\/Bild-677-150x150.jpg 150w, https:\/\/www.enz-bern.ch\/wp-content\/uploads\/sites\/13\/2014\/10\/Bild-677-200x200.jpg 200w, https:\/\/www.enz-bern.ch\/wp-content\/uploads\/sites\/13\/2014\/10\/Bild-677-400x400.jpg 400w, https:\/\/www.enz-bern.ch\/wp-content\/uploads\/sites\/13\/2014\/10\/Bild-677-800x800.jpg 800w\" sizes=\"(max-width: 150px) 100vw, 150px\" \/><\/a>\u00a0<a href=\"https:\/\/www.enz-bern.ch\/wp-content\/uploads\/2014\/11\/DSC03728.jpg\"><img loading=\"lazy\" class=\"alignnone size-thumbnail wp-image-686\" src=\"https:\/\/www.enz-bern.ch\/wp-content\/uploads\/2014\/11\/DSC03728-150x150.jpg\" alt=\"Treppe 3\" width=\"150\" height=\"150\" srcset=\"https:\/\/www.enz-bern.ch\/wp-content\/uploads\/sites\/13\/2014\/11\/DSC03728-150x150.jpg 150w, https:\/\/www.enz-bern.ch\/wp-content\/uploads\/sites\/13\/2014\/11\/DSC03728-200x200.jpg 200w, https:\/\/www.enz-bern.ch\/wp-content\/uploads\/sites\/13\/2014\/11\/DSC03728-400x400.jpg 400w, https:\/\/www.enz-bern.ch\/wp-content\/uploads\/sites\/13\/2014\/11\/DSC03728-800x800.jpg 800w\" sizes=\"(max-width: 150px) 100vw, 150px\" \/><\/a> <a href=\"https:\/\/www.enz-bern.ch\/wp-content\/uploads\/2014\/11\/DSC03733.jpg\"><img loading=\"lazy\" class=\"alignnone size-thumbnail wp-image-684\" src=\"https:\/\/www.enz-bern.ch\/wp-content\/uploads\/2014\/11\/DSC03733-150x150.jpg\" alt=\"Treppe 2\" width=\"150\" height=\"150\" srcset=\"https:\/\/www.enz-bern.ch\/wp-content\/uploads\/sites\/13\/2014\/11\/DSC03733-150x150.jpg 150w, https:\/\/www.enz-bern.ch\/wp-content\/uploads\/sites\/13\/2014\/11\/DSC03733-200x200.jpg 200w, https:\/\/www.enz-bern.ch\/wp-content\/uploads\/sites\/13\/2014\/11\/DSC03733-400x400.jpg 400w, https:\/\/www.enz-bern.ch\/wp-content\/uploads\/sites\/13\/2014\/11\/DSC03733-800x800.jpg 800w\" sizes=\"(max-width: 150px) 100vw, 150px\" \/><\/a>\u00a0<a href=\"https:\/\/www.enz-bern.ch\/wp-content\/uploads\/2014\/10\/Bild-307.jpg\"><img loading=\"lazy\" class=\"size-thumbnail wp-image-467\" src=\"https:\/\/www.enz-bern.ch\/wp-content\/uploads\/2014\/10\/Bild-307-150x150.jpg\" alt=\"Natursteintreppe 1\" width=\"150\" height=\"150\" srcset=\"https:\/\/www.enz-bern.ch\/wp-content\/uploads\/sites\/13\/2014\/10\/Bild-307-150x150.jpg 150w, https:\/\/www.enz-bern.ch\/wp-content\/uploads\/sites\/13\/2014\/10\/Bild-307-200x200.jpg 200w, https:\/\/www.enz-bern.ch\/wp-content\/uploads\/sites\/13\/2014\/10\/Bild-307-400x400.jpg 400w, https:\/\/www.enz-bern.ch\/wp-content\/uploads\/sites\/13\/2014\/10\/Bild-307-800x800.jpg 800w\" sizes=\"(max-width: 150px) 100vw, 150px\" \/><\/a><\/p>\n<p><a href=\"https:\/\/www.enz-bern.ch\/wp-content\/uploads\/2014\/11\/DSC03725.jpg\"><img loading=\"lazy\" class=\"alignnone wp-image-778 size-thumbnail\" src=\"https:\/\/www.enz-bern.ch\/wp-content\/uploads\/2014\/11\/DSC03725-150x150.jpg\" alt=\"Natursteintreppe 2\" width=\"150\" height=\"150\" srcset=\"https:\/\/www.enz-bern.ch\/wp-content\/uploads\/sites\/13\/2014\/11\/DSC03725-150x150.jpg 150w, https:\/\/www.enz-bern.ch\/wp-content\/uploads\/sites\/13\/2014\/11\/DSC03725-200x200.jpg 200w, https:\/\/www.enz-bern.ch\/wp-content\/uploads\/sites\/13\/2014\/11\/DSC03725-400x400.jpg 400w, https:\/\/www.enz-bern.ch\/wp-content\/uploads\/sites\/13\/2014\/11\/DSC03725-800x800.jpg 800w\" sizes=\"(max-width: 150px) 100vw, 150px\" \/><\/a> <a href=\"https:\/\/www.enz-bern.ch\/wp-content\/uploads\/2014\/11\/IMG_1478.jpg\"><img loading=\"lazy\" class=\"alignnone size-thumbnail wp-image-775\" src=\"https:\/\/www.enz-bern.ch\/wp-content\/uploads\/2014\/11\/IMG_1478-150x150.jpg\" alt=\"Natursteintreppe 1\" width=\"150\" height=\"150\" srcset=\"https:\/\/www.enz-bern.ch\/wp-content\/uploads\/sites\/13\/2014\/11\/IMG_1478-150x150.jpg 150w, https:\/\/www.enz-bern.ch\/wp-content\/uploads\/sites\/13\/2014\/11\/IMG_1478-200x200.jpg 200w, https:\/\/www.enz-bern.ch\/wp-content\/uploads\/sites\/13\/2014\/11\/IMG_1478-400x400.jpg 400w, https:\/\/www.enz-bern.ch\/wp-content\/uploads\/sites\/13\/2014\/11\/IMG_1478-800x800.jpg 800w\" sizes=\"(max-width: 150px) 100vw, 150px\" \/><\/a>\u00a0<a href=\"https:\/\/www.enz-bern.ch\/wp-content\/uploads\/2014\/11\/DSC_0474.jpg\"><img loading=\"lazy\" class=\"alignnone size-thumbnail wp-image-846\" src=\"https:\/\/www.enz-bern.ch\/wp-content\/uploads\/2014\/11\/DSC_0474-150x150.jpg\" alt=\"Treppe 1\" width=\"150\" height=\"150\" srcset=\"https:\/\/www.enz-bern.ch\/wp-content\/uploads\/sites\/13\/2014\/11\/DSC_0474-150x150.jpg 150w, https:\/\/www.enz-bern.ch\/wp-content\/uploads\/sites\/13\/2014\/11\/DSC_0474-200x200.jpg 200w, https:\/\/www.enz-bern.ch\/wp-content\/uploads\/sites\/13\/2014\/11\/DSC_0474-400x400.jpg 400w, https:\/\/www.enz-bern.ch\/wp-content\/uploads\/sites\/13\/2014\/11\/DSC_0474-800x800.jpg 800w\" sizes=\"(max-width: 150px) 100vw, 150px\" \/><\/a><\/p>\n<p class=\"wp-caption-dd\">\n","protected":false},"excerpt":{"rendered":"<p>\u00a0 \u00a0 \u00a0<\/p>\n","protected":false},"author":6,"featured_media":0,"parent":2035,"menu_order":19,"comment_status":"open","ping_status":"open","template":"","meta":[],"acf":[],"yoast_head":"<!-- This site is optimized with the Yoast SEO plugin v18.5.1 - https:\/\/yoast.com\/wordpress\/plugins\/seo\/ -->\n<title>Murs en pierre naturelle - Enz Pfl\u00e4sterungen<\/title>\n<meta name=\"robots\" content=\"index, follow, max-snippet:-1, max-image-preview:large, max-video-preview:-1\" \/>\n<link rel=\"canonical\" href=\"https:\/\/www.enz-bern.ch\/fr\/murs-et-escaliers\/escaliers\/murs-en-pierre-naturelle\/\" \/>\n<meta property=\"og:locale\" content=\"fr_FR\" \/>\n<meta property=\"og:type\" content=\"article\" \/>\n<meta property=\"og:title\" content=\"Murs en pierre naturelle - Enz Pfl\u00e4sterungen\" \/>\n<meta property=\"og:description\" content=\"\u00a0 \u00a0 \u00a0\" \/>\n<meta property=\"og:url\" content=\"https:\/\/www.enz-bern.ch\/fr\/murs-et-escaliers\/escaliers\/murs-en-pierre-naturelle\/\" \/>\n<meta property=\"og:site_name\" content=\"Enz Pfl\u00e4sterungen\" \/>\n<meta property=\"article:modified_time\" content=\"2018-06-14T14:36:02+00:00\" \/>\n<meta property=\"og:image\" content=\"https:\/\/www.enz-bern.ch\/wp-content\/uploads\/2014\/10\/Bild-677-150x150.jpg\" \/>\n<meta name=\"twitter:card\" content=\"summary_large_image\" \/>\n<script type=\"application\/ld+json\" class=\"yoast-schema-graph\">{\"@context\":\"https:\/\/schema.org\",\"@graph\":[{\"@type\":\"WebSite\",\"@id\":\"https:\/\/www.enz-bern.ch\/#website\",\"url\":\"https:\/\/www.enz-bern.ch\/\",\"name\":\"Enz Pfl\u00e4sterungen\",\"description\":\"Hochwertige Pfl\u00e4sterungen, Bel\u00e4ge und Natursteine f\u00fcr den Innen- und Aussenbereich.\",\"potentialAction\":[{\"@type\":\"SearchAction\",\"target\":{\"@type\":\"EntryPoint\",\"urlTemplate\":\"https:\/\/www.enz-bern.ch\/?s={search_term_string}\"},\"query-input\":\"required name=search_term_string\"}],\"inLanguage\":\"fr-FR\"},{\"@type\":\"ImageObject\",\"@id\":\"https:\/\/www.enz-bern.ch\/fr\/murs-et-escaliers\/escaliers\/murs-en-pierre-naturelle\/#primaryimage\",\"inLanguage\":\"fr-FR\",\"url\":\"https:\/\/www.enz-bern.ch\/wp-content\/uploads\/2014\/10\/Bild-677-150x150.jpg\",\"contentUrl\":\"https:\/\/www.enz-bern.ch\/wp-content\/uploads\/2014\/10\/Bild-677-150x150.jpg\"},{\"@type\":\"WebPage\",\"@id\":\"https:\/\/www.enz-bern.ch\/fr\/murs-et-escaliers\/escaliers\/murs-en-pierre-naturelle\/#webpage\",\"url\":\"https:\/\/www.enz-bern.ch\/fr\/murs-et-escaliers\/escaliers\/murs-en-pierre-naturelle\/\",\"name\":\"Murs en pierre naturelle - Enz Pfl\u00e4sterungen\",\"isPartOf\":{\"@id\":\"https:\/\/www.enz-bern.ch\/#website\"},\"primaryImageOfPage\":{\"@id\":\"https:\/\/www.enz-bern.ch\/fr\/murs-et-escaliers\/escaliers\/murs-en-pierre-naturelle\/#primaryimage\"},\"datePublished\":\"2014-05-02T15:03:38+00:00\",\"dateModified\":\"2018-06-14T14:36:02+00:00\",\"breadcrumb\":{\"@id\":\"https:\/\/www.enz-bern.ch\/fr\/murs-et-escaliers\/escaliers\/murs-en-pierre-naturelle\/#breadcrumb\"},\"inLanguage\":\"fr-FR\",\"potentialAction\":[{\"@type\":\"ReadAction\",\"target\":[\"https:\/\/www.enz-bern.ch\/fr\/murs-et-escaliers\/escaliers\/murs-en-pierre-naturelle\/\"]}]},{\"@type\":\"BreadcrumbList\",\"@id\":\"https:\/\/www.enz-bern.ch\/fr\/murs-et-escaliers\/escaliers\/murs-en-pierre-naturelle\/#breadcrumb\",\"itemListElement\":[{\"@type\":\"ListItem\",\"position\":1,\"name\":\"Startseite\",\"item\":\"https:\/\/www.enz-bern.ch\/fr\/\"},{\"@type\":\"ListItem\",\"position\":2,\"name\":\"Murs et escaliers\",\"item\":\"https:\/\/www.enz-bern.ch\/fr\/murs-et-escaliers\/\"},{\"@type\":\"ListItem\",\"position\":3,\"name\":\"Escaliers\",\"item\":\"https:\/\/www.enz-bern.ch\/fr\/murs-et-escaliers\/escaliers\/\"},{\"@type\":\"ListItem\",\"position\":4,\"name\":\"Murs en pierre naturelle\"}]}]}<\/script>\n<!-- \/ Yoast SEO plugin. -->","yoast_head_json":{"title":"Murs en pierre naturelle - Enz Pfl\u00e4sterungen","robots":{"index":"index","follow":"follow","max-snippet":"max-snippet:-1","max-image-preview":"max-image-preview:large","max-video-preview":"max-video-preview:-1"},"canonical":"https:\/\/www.enz-bern.ch\/fr\/murs-et-escaliers\/escaliers\/murs-en-pierre-naturelle\/","og_locale":"fr_FR","og_type":"article","og_title":"Murs en pierre naturelle - Enz Pfl\u00e4sterungen","og_description":"\u00a0 \u00a0 \u00a0","og_url":"https:\/\/www.enz-bern.ch\/fr\/murs-et-escaliers\/escaliers\/murs-en-pierre-naturelle\/","og_site_name":"Enz Pfl\u00e4sterungen","article_modified_time":"2018-06-14T14:36:02+00:00","og_image":[{"url":"https:\/\/www.enz-bern.ch\/wp-content\/uploads\/2014\/10\/Bild-677-150x150.jpg"}],"twitter_card":"summary_large_image","schema":{"@context":"https:\/\/schema.org","@graph":[{"@type":"WebSite","@id":"https:\/\/www.enz-bern.ch\/#website","url":"https:\/\/www.enz-bern.ch\/","name":"Enz Pfl\u00e4sterungen","description":"Hochwertige Pfl\u00e4sterungen, Bel\u00e4ge und Natursteine f\u00fcr den Innen- und Aussenbereich.","potentialAction":[{"@type":"SearchAction","target":{"@type":"EntryPoint","urlTemplate":"https:\/\/www.enz-bern.ch\/?s={search_term_string}"},"query-input":"required name=search_term_string"}],"inLanguage":"fr-FR"},{"@type":"ImageObject","@id":"https:\/\/www.enz-bern.ch\/fr\/murs-et-escaliers\/escaliers\/murs-en-pierre-naturelle\/#primaryimage","inLanguage":"fr-FR","url":"https:\/\/www.enz-bern.ch\/wp-content\/uploads\/2014\/10\/Bild-677-150x150.jpg","contentUrl":"https:\/\/www.enz-bern.ch\/wp-content\/uploads\/2014\/10\/Bild-677-150x150.jpg"},{"@type":"WebPage","@id":"https:\/\/www.enz-bern.ch\/fr\/murs-et-escaliers\/escaliers\/murs-en-pierre-naturelle\/#webpage","url":"https:\/\/www.enz-bern.ch\/fr\/murs-et-escaliers\/escaliers\/murs-en-pierre-naturelle\/","name":"Murs en pierre naturelle - Enz Pfl\u00e4sterungen","isPartOf":{"@id":"https:\/\/www.enz-bern.ch\/#website"},"primaryImageOfPage":{"@id":"https:\/\/www.enz-bern.ch\/fr\/murs-et-escaliers\/escaliers\/murs-en-pierre-naturelle\/#primaryimage"},"datePublished":"2014-05-02T15:03:38+00:00","dateModified":"2018-06-14T14:36:02+00:00","breadcrumb":{"@id":"https:\/\/www.enz-bern.ch\/fr\/murs-et-escaliers\/escaliers\/murs-en-pierre-naturelle\/#breadcrumb"},"inLanguage":"fr-FR","potentialAction":[{"@type":"ReadAction","target":["https:\/\/www.enz-bern.ch\/fr\/murs-et-escaliers\/escaliers\/murs-en-pierre-naturelle\/"]}]},{"@type":"BreadcrumbList","@id":"https:\/\/www.enz-bern.ch\/fr\/murs-et-escaliers\/escaliers\/murs-en-pierre-naturelle\/#breadcrumb","itemListElement":[{"@type":"ListItem","position":1,"name":"Startseite","item":"https:\/\/www.enz-bern.ch\/fr\/"},{"@type":"ListItem","position":2,"name":"Murs et escaliers","item":"https:\/\/www.enz-bern.ch\/fr\/murs-et-escaliers\/"},{"@type":"ListItem","position":3,"name":"Escaliers","item":"https:\/\/www.enz-bern.ch\/fr\/murs-et-escaliers\/escaliers\/"},{"@type":"ListItem","position":4,"name":"Murs en pierre naturelle"}]}]}},"_links":{"self":[{"href":"https:\/\/www.enz-bern.ch\/fr\/wp-json\/wp\/v2\/pages\/2037"}],"collection":[{"href":"https:\/\/www.enz-bern.ch\/fr\/wp-json\/wp\/v2\/pages"}],"about":[{"href":"https:\/\/www.enz-bern.ch\/fr\/wp-json\/wp\/v2\/types\/page"}],"author":[{"embeddable":true,"href":"https:\/\/www.enz-bern.ch\/fr\/wp-json\/wp\/v2\/users\/6"}],"replies":[{"embeddable":true,"href":"https:\/\/www.enz-bern.ch\/fr\/wp-json\/wp\/v2\/comments?post=2037"}],"version-history":[{"count":1,"href":"https:\/\/www.enz-bern.ch\/fr\/wp-json\/wp\/v2\/pages\/2037\/revisions"}],"predecessor-version":[{"id":2048,"href":"https:\/\/www.enz-bern.ch\/fr\/wp-json\/wp\/v2\/pages\/2037\/revisions\/2048"}],"up":[{"embeddable":true,"href":"https:\/\/www.enz-bern.ch\/fr\/wp-json\/wp\/v2\/pages\/2035"}],"wp:attachment":[{"href":"https:\/\/www.enz-bern.ch\/fr\/wp-json\/wp\/v2\/media?parent=2037"}],"curies":[{"name":"wp","href":"https:\/\/api.w.org\/{rel}","templated":true}]}}